{"id":15,"date":"2024-02-07T09:53:45","date_gmt":"2024-02-07T12:53:45","guid":{"rendered":"http:\/\/carronovoideal.org\/?page_id=15"},"modified":"2024-02-07T09:53:45","modified_gmt":"2024-02-07T12:53:45","slug":"politica-de-cookies","status":"publish","type":"page","link":"https:\/\/carronovoideal.org\/?page_id=15","title":{"rendered":"Pol\u00edtica de Cookies"},"content":{"rendered":"\n<p>\u00daltima atualiza\u00e7\u00e3o: 06 de Novembro de 2023.<\/p>\n\n\n\n<p>O Carro Novo Ideal (carronovoideal.org) utiliza cookies para melhorar a experi\u00eancia do usu\u00e1rio em nosso site. Esta Pol\u00edtica de Cookies explica o que s\u00e3o cookies, como n\u00f3s os usamos em nosso site, e as escolhas que voc\u00ea tem em rela\u00e7\u00e3o a eles.<\/p>\n\n\n\n<p><strong>1. O que s\u00e3o Cookies?<\/strong><\/p>\n\n\n\n<p>Cookies s\u00e3o pequenos arquivos de texto que os sites podem usar para tornar a experi\u00eancia do usu\u00e1rio mais eficiente. Eles s\u00e3o armazenados no seu dispositivo quando o site \u00e9 carregado no seu navegador. Estes cookies nos ajudam a garantir o funcionamento correto do site, aumentar a seguran\u00e7a, fornecer uma melhor experi\u00eancia ao usu\u00e1rio, e entender como o site performa e onde precisa ser melhorado.<\/p>\n\n\n\n<p><strong>2. Como Usamos Cookies?<\/strong><\/p>\n\n\n\n<p>Utilizamos cookies estritamente necess\u00e1rios para operar nosso site. Eles permitem funcionalidades b\u00e1sicas como navega\u00e7\u00e3o de p\u00e1gina e acesso a \u00e1reas seguras do site. O site n\u00e3o pode funcionar adequadamente sem estes cookies.<\/p>\n\n\n\n<p><strong>3. Tipos de Cookies Utilizados<\/strong><\/p>\n\n\n\n<ul>\n<li><strong>Cookies Essenciais:<\/strong> Estes cookies s\u00e3o essenciais para que voc\u00ea possa utilizar as funcionalidades do site.<\/li>\n<\/ul>\n\n\n\n<p><strong>4. Gerenciamento de Cookies<\/strong><\/p>\n\n\n\n<p>Voc\u00ea pode gerenciar ou excluir cookies a seu crit\u00e9rio &#8211; para detalhes, veja aboutcookies.org. Voc\u00ea pode excluir todos os cookies que j\u00e1 est\u00e3o no seu computador e configurar a maioria dos navegadores para impedir que sejam colocados. Se fizer isso, no entanto, voc\u00ea pode ter que ajustar manualmente algumas prefer\u00eancias toda vez que visitar um site, e alguns servi\u00e7os e funcionalidades podem n\u00e3o funcionar.<\/p>\n\n\n\n<p><strong>5. Consentimento para o Uso de Cookies<\/strong><\/p>\n\n\n\n<p>Ao usar o nosso site, voc\u00ea concorda com o uso de cookies essenciais. Para cookies que n\u00e3o s\u00e3o estritamente necess\u00e1rios, solicitaremos seu consentimento antes de us\u00e1-los.<\/p>\n\n\n\n<p><strong>6. Altera\u00e7\u00f5es \u00e0 Pol\u00edtica de Cookies<\/strong><\/p>\n\n\n\n<p>Podemos atualizar nossa Pol\u00edtica de Cookies de tempos em tempos. Encorajamos voc\u00ea a revisar nossa pol\u00edtica regularmente para se manter informado sobre como estamos usando cookies.<\/p>\n\n\n\n<p><strong>7. Contato<\/strong><\/p>\n\n\n\n<p>Se voc\u00ea tiver qualquer d\u00favida sobre o uso de cookies em nosso site, entre em contato conosco via contato@carronovoideal.org.<\/p>\n","protected":false},"excerpt":{"rendered":"<p>\u00daltima atualiza\u00e7\u00e3o: 06 de Novembro de 2023. O Carro Novo Ideal (carronovoideal.org) utiliza cookies para melhorar a experi\u00eancia do usu\u00e1rio em nosso site. Esta Pol\u00edtica de Cookies explica o que s\u00e3o cookies, como n\u00f3s os usamos em nosso site, e as escolhas que voc\u00ea tem em rela\u00e7\u00e3o a eles. 1. O que s\u00e3o Cookies? Cookies [&hellip;]<\/p>\n","protected":false},"author":1,"featured_media":0,"parent":0,"menu_order":0,"comment_status":"closed","ping_status":"closed","template":"","meta":{"footnotes":""},"_links":{"self":[{"href":"https:\/\/carronovoideal.org\/index.php?rest_route=\/wp\/v2\/pages\/15"}],"collection":[{"href":"https:\/\/carronovoideal.org\/index.php?rest_route=\/wp\/v2\/pages"}],"about":[{"href":"https:\/\/carronovoideal.org\/index.php?rest_route=\/wp\/v2\/types\/page"}],"author":[{"embeddable":true,"href":"https:\/\/carronovoideal.org\/index.php?rest_route=\/wp\/v2\/users\/1"}],"replies":[{"embeddable":true,"href":"https:\/\/carronovoideal.org\/index.php?rest_route=%2Fwp%2Fv2%2Fcomments&post=15"}],"version-history":[{"count":1,"href":"https:\/\/carronovoideal.org\/index.php?rest_route=\/wp\/v2\/pages\/15\/revisions"}],"predecessor-version":[{"id":16,"href":"https:\/\/carronovoideal.org\/index.php?rest_route=\/wp\/v2\/pages\/15\/revisions\/16"}],"wp:attachment":[{"href":"https:\/\/carronovoideal.org\/index.php?rest_route=%2Fwp%2Fv2%2Fmedia&parent=15"}],"curies":[{"name":"wp","href":"https:\/\/api.w.org\/{rel}","templated":true}]}}